
{"id":101,"date":"2026-02-24T19:38:59","date_gmt":"2026-02-24T18:38:59","guid":{"rendered":"https:\/\/luminisinnovation.hu\/?page_id=101"},"modified":"2026-02-24T19:39:00","modified_gmt":"2026-02-24T18:39:00","slug":"kepzeseink","status":"publish","type":"page","link":"https:\/\/luminisinnovation.hu\/index.php\/kepzeseink\/","title":{"rendered":"K\u00e9pz\u00e9seink"},"content":{"rendered":"\n<ol start=\"21\" class=\"wp-block-list\">\n<li>sz\u00e1zadi inspir\u00e1l\u00f3 vezet\u0151i tr\u00e9ning \u2014 E-001629\/2017\/D001<\/li>\n<\/ol>\n\n\n\n<p>Egyens\u00falyban \u00f6nmagaddal &#8211; \u00f6nismereti tr\u00e9ning \u2014 E-001629\/2017\/D002<\/p>\n\n\n\n<p>\u00c9rt\u00e9kes\u00edt\u00e9si tr\u00e9ning \u2014 E-001629\/2017\/D003<\/p>\n\n\n\n<p>GEEK tr\u00e9ning \u2014 E-001629\/2017\/D004<\/p>\n\n\n\n<p>Hat\u00e9kony munkav\u00e9gz\u00e9s, professzion\u00e1lis id\u0151gazd\u00e1lkod\u00e1s \u2014 E-001629\/2017\/D005<\/p>\n\n\n\n<p>Sz\u00fcletett feles\u00e9gek tr\u00e9ning nem csak feles\u00e9geknek \u2014 E-001629\/2017\/D006<\/p>\n\n\n\n<p>Y gener\u00e1ci\u00f3 munkahelyi beilleszt\u00e9se \u2014 E-001629\/2017\/D007<\/p>\n\n\n\n<p>YES &#8211; juss el az IGEN-ig \u2014 E-001629\/2017\/D008<\/p>\n\n\n\n<p>Reziliencia tr\u00e9ning \u2014 E-001629\/2017\/D009<\/p>\n\n\n\n<ol start=\"22\" class=\"wp-block-list\">\n<li>sz\u00e1zadi vezet\u0151 k\u00e9pz\u00e9s egy\u00e9ni coachinggal \u2014 E-001629\/2017\/D010<\/li>\n<\/ol>\n\n\n\n<p>\u00c9rt\u00e9kes\u00edt\u00e9si tr\u00e9ning egy\u00e9ni konzult\u00e1ci\u00f3val \u2014 E-001629\/2017\/D011<\/p>\n\n\n\n<p>Csapatkoh\u00e9zi\u00f3, hat\u00e9kony egy\u00fcttm\u0171k\u00f6d\u00e9s \u2014 E-001629\/2017\/D012<\/p>\n\n\n\n<p>Online Marketing kurzus \u2014 E-001629\/2017\/D013<\/p>\n\n\n\n<p>V\u00e1ltoz\u00e1smenedzsment tr\u00e9ning \u2014 E-001629\/2017\/D014<\/p>\n\n\n\n<p>YES &#8211; juss el az IGEN-ig (2. verzi\u00f3) \u2014 E-001629\/2017\/D015<\/p>\n\n\n\n<p>Csapatkoh\u00e9zi\u00f3, hat\u00e9kony egy\u00fcttm\u0171k\u00f6d\u00e9s (2. verzi\u00f3) \u2014 E-001629\/2017\/D016<\/p>\n\n\n\n<p>Egyens\u00falyban \u00f6nmagaddal &#8211; \u00f6nismereti tr\u00e9ning (2. verzi\u00f3) \u2014 E-001629\/2017\/D017<\/p>\n\n\n\n<p>Hat\u00e9kony munkav\u00e9gz\u00e9s, professzion\u00e1lis id\u0151gazd\u00e1lkod\u00e1s (2. verzi\u00f3) \u2014 E-001629\/2017\/D018<\/p>\n\n\n\n<p>Reziliencia tr\u00e9ning (2. verzi\u00f3) \u2014 E-001629\/2017\/D019<\/p>\n\n\n\n<p>Vezet\u0151i hat\u00e9konys\u00e1g fejleszt\u00e9se \u2014 E-001629\/2017\/D020<\/p>\n\n\n\n<p>Coaching szeml\u00e9let\u0171 \u00fajratervez\u00e9s \u2014 E-001629\/2017\/D021<\/p>\n\n\n\n<p>\u00d6nismeret \u2014 E-001629\/2017\/D022<\/p>\n\n\n\n<p>Vezet\u0151i hat\u00e9konys\u00e1g \u2014 E-001629\/2017\/D023<\/p>\n\n\n\n<p>Hat\u00e9kony munkav\u00e9gz\u00e9s \u2014 E-001629\/2017\/D024<\/p>\n\n\n\n<p>YES- \u00dcgyf\u00e9l\u00e9lm\u00e9ny alap\u00fa \u00e9rt\u00e9kes\u00edt\u00e9s \u2014 E-001629\/2017\/D025<\/p>\n\n\n\n<p>P\u00e1ly\u00e1zat\u00edr\u00e1s \u2014 E-001629\/2017\/D026<\/p>\n\n\n\n<p>Projektmenedzsment \u2014 E-001629\/2017\/D027<\/p>\n\n\n\n<p>Asszert\u00edv kommunik\u00e1ci\u00f3<\/p>\n\n\n\n<p>Stresszkezel\u00e9s<\/p>\n\n\n\n<p>K\u00e9pz\u00e9si enged\u00e9ly sz\u00e1munk: E\/2023\/000006<\/p>\n\n\n\n<p>Nyilv\u00e1ntart\u00e1si sz\u00e1m: B\/2020\/001377<\/p>\n","protected":false},"excerpt":{"rendered":"<p>Egyens\u00falyban \u00f6nmagaddal &#8211; \u00f6nismereti tr\u00e9ning \u2014 E-001629\/2017\/D002 \u00c9rt\u00e9kes\u00edt\u00e9si tr\u00e9ning \u2014 E-001629\/2017\/D003 GEEK tr\u00e9ning \u2014 E-001629\/2017\/D004 Hat\u00e9kony munkav\u00e9gz\u00e9s, professzion\u00e1lis id\u0151gazd\u00e1lkod\u00e1s \u2014 E-001629\/2017\/D005 Sz\u00fcletett feles\u00e9gek tr\u00e9ning nem csak feles\u00e9geknek \u2014 E-001629\/2017\/D006 Y gener\u00e1ci\u00f3 munkahelyi beilleszt\u00e9se \u2014 E-001629\/2017\/D007 YES &#8211; juss el az IGEN-ig \u2014 E-001629\/2017\/D008 Reziliencia tr\u00e9ning \u2014 E-001629\/2017\/D009 \u00c9rt\u00e9kes\u00edt\u00e9si tr\u00e9ning egy\u00e9ni konzult\u00e1ci\u00f3val \u2014 E-001629\/2017\/D011 Csapatkoh\u00e9zi\u00f3, hat\u00e9kony [&hellip;]<\/p>\n","protected":false},"author":1,"featured_media":0,"parent":0,"menu_order":0,"comment_status":"closed","ping_status":"closed","template":"","meta":{"footnotes":""},"class_list":["post-101","page","type-page","status-publish","hentry"],"aioseo_notices":[],"_links":{"self":[{"href":"https:\/\/luminisinnovation.hu\/index.php\/wp-json\/wp\/v2\/pages\/101","targetHints":{"allow":["GET"]}}],"collection":[{"href":"https:\/\/luminisinnovation.hu\/index.php\/wp-json\/wp\/v2\/pages"}],"about":[{"href":"https:\/\/luminisinnovation.hu\/index.php\/wp-json\/wp\/v2\/types\/page"}],"author":[{"embeddable":true,"href":"https:\/\/luminisinnovation.hu\/index.php\/wp-json\/wp\/v2\/users\/1"}],"replies":[{"embeddable":true,"href":"https:\/\/luminisinnovation.hu\/index.php\/wp-json\/wp\/v2\/comments?post=101"}],"version-history":[{"count":1,"href":"https:\/\/luminisinnovation.hu\/index.php\/wp-json\/wp\/v2\/pages\/101\/revisions"}],"predecessor-version":[{"id":103,"href":"https:\/\/luminisinnovation.hu\/index.php\/wp-json\/wp\/v2\/pages\/101\/revisions\/103"}],"wp:attachment":[{"href":"https:\/\/luminisinnovation.hu\/index.php\/wp-json\/wp\/v2\/media?parent=101"}],"curies":[{"name":"wp","href":"https:\/\/api.w.org\/{rel}","templated":true}]}}