
{"id":95,"date":"2026-02-24T19:34:19","date_gmt":"2026-02-24T18:34:19","guid":{"rendered":"https:\/\/luminisinnovation.hu\/?page_id=95"},"modified":"2026-02-24T19:34:19","modified_gmt":"2026-02-24T18:34:19","slug":"palyazatok","status":"publish","type":"page","link":"https:\/\/luminisinnovation.hu\/index.php\/palyazatok\/","title":{"rendered":"P\u00e1ly\u00e1zatok"},"content":{"rendered":"\n<p class=\"has-large-font-size\">GINOP PLUSZ 3.2.1<\/p>\n\n\n\n<p>Szerezz versenyk\u00e9pes tud\u00e1st a munkat\u00e1rsaid sz\u00e1m\u00e1ra \u00e1llami t\u00e1mogat\u00e1ssal!<\/p>\n\n\n\n<p>M\u00e9g tart a jelentkez\u00e9s a GINOP PLUSZ 3.2.1 k\u00e9pz\u00e9si p\u00e1ly\u00e1zatra, amelynek keret\u00e9ben mikro-, kis-, k\u00f6z\u00e9p- \u00e9s nagyv\u00e1llalatok ak\u00e1r 70%-os t\u00e1mogat\u00e1si intenzit\u00e1ssal szervezhetnek k\u00e9pz\u00e9seket. A p\u00e1ly\u00e1zatra az orsz\u00e1g minden pontj\u00e1r\u00f3l v\u00e1rj\u00e1k a p\u00e1ly\u00e1zatokat, teh\u00e1t budapesti sz\u00e9khely\u0171 v\u00e1llalatok is jelentkezhetnek.<\/p>\n\n\n\n<p>A p\u00e1ly\u00e1zat keret\u00e9ben szakmai ismeretre ir\u00e1nyul\u00f3 k\u00e9pz\u00e9seket, soft skill k\u00e9pz\u00e9seket, inform\u00e1ci\u00f3s \u00e9s kommunik\u00e1ci\u00f3s (IKT) technol\u00f3gi\u00e1kra ir\u00e1nyul\u00f3 k\u00e9pz\u00e9seket, illetve nyelvi k\u00e9pz\u00e9seket lehet szervezni. Mikro- \u00e9s kisv\u00e1llalkoz\u00e1sok eset\u00e9ben a t\u00e1mogat\u00e1si intenzit\u00e1s 70%, k\u00f6z\u00e9pv\u00e1llalkoz\u00e1sokn\u00e1l 60%, m\u00edg nagyv\u00e1llalatokn\u00e1l 50%.<\/p>\n\n\n\n<p>Fontos, hogy a t\u00e1mogat\u00e1s 100%-a leh\u00edvhat\u00f3 el\u0151legk\u00e9nt, a t\u00e1mogat\u00e1si szerz\u0151d\u00e9s megk\u00f6t\u00e9se ut\u00e1n.<\/p>\n\n\n\n<p>A Luminis Innovation 10 \u00e9ves k\u00e9pz\u00e9si tapasztalattal v\u00e1llalja a p\u00e1ly\u00e1zat teljes lebonyol\u00edt\u00e1s\u00e1t: a p\u00e1ly\u00e1zat meg\u00edr\u00e1s\u00e1t \u00e9s bead\u00e1s\u00e1t, a k\u00e9pz\u00e9sek megtart\u00e1s\u00e1t \u00e9s az elsz\u00e1mol\u00e1st egyar\u00e1nt \u2013 levessz\u00fck a terheket a v\u00e1lladr\u00f3l! \u00dcgyfeleinknek szem\u00e9lyre szabott k\u00e9pz\u00e9seket tartunk, a leg\u00fajabb szakmai eredm\u00e9nyek \u00e9s m\u00f3dszertan felhaszn\u00e1l\u00e1s\u00e1val.<\/p>\n\n\n\n<p>Egy c\u00e9g sikeress\u00e9ge az ott dolgoz\u00f3k k\u00e9pzetts\u00e9g\u00e9n \u00e9s el\u00e9gedetts\u00e9g\u00e9n m\u00falik. Fektess a j\u00f6v\u0151be, \u00e9s tedd m\u00e9g versenyk\u00e9pesebb\u00e9 a v\u00e1llalkoz\u00e1sod a seg\u00edts\u00e9g\u00fcnkkel!<\/p>\n\n\n\n<p><\/p>\n","protected":false},"excerpt":{"rendered":"<p>GINOP PLUSZ 3.2.1 Szerezz versenyk\u00e9pes tud\u00e1st a munkat\u00e1rsaid sz\u00e1m\u00e1ra \u00e1llami t\u00e1mogat\u00e1ssal! M\u00e9g tart a jelentkez\u00e9s a GINOP PLUSZ 3.2.1 k\u00e9pz\u00e9si p\u00e1ly\u00e1zatra, amelynek keret\u00e9ben mikro-, kis-, k\u00f6z\u00e9p- \u00e9s nagyv\u00e1llalatok ak\u00e1r 70%-os t\u00e1mogat\u00e1si intenzit\u00e1ssal szervezhetnek k\u00e9pz\u00e9seket. A p\u00e1ly\u00e1zatra az orsz\u00e1g minden pontj\u00e1r\u00f3l v\u00e1rj\u00e1k a p\u00e1ly\u00e1zatokat, teh\u00e1t budapesti sz\u00e9khely\u0171 v\u00e1llalatok is jelentkezhetnek. A p\u00e1ly\u00e1zat keret\u00e9ben szakmai ismeretre ir\u00e1nyul\u00f3 [&hellip;]<\/p>\n","protected":false},"author":1,"featured_media":0,"parent":0,"menu_order":0,"comment_status":"closed","ping_status":"closed","template":"","meta":{"footnotes":""},"class_list":["post-95","page","type-page","status-publish","hentry"],"aioseo_notices":[],"_links":{"self":[{"href":"https:\/\/luminisinnovation.hu\/index.php\/wp-json\/wp\/v2\/pages\/95","targetHints":{"allow":["GET"]}}],"collection":[{"href":"https:\/\/luminisinnovation.hu\/index.php\/wp-json\/wp\/v2\/pages"}],"about":[{"href":"https:\/\/luminisinnovation.hu\/index.php\/wp-json\/wp\/v2\/types\/page"}],"author":[{"embeddable":true,"href":"https:\/\/luminisinnovation.hu\/index.php\/wp-json\/wp\/v2\/users\/1"}],"replies":[{"embeddable":true,"href":"https:\/\/luminisinnovation.hu\/index.php\/wp-json\/wp\/v2\/comments?post=95"}],"version-history":[{"count":1,"href":"https:\/\/luminisinnovation.hu\/index.php\/wp-json\/wp\/v2\/pages\/95\/revisions"}],"predecessor-version":[{"id":97,"href":"https:\/\/luminisinnovation.hu\/index.php\/wp-json\/wp\/v2\/pages\/95\/revisions\/97"}],"wp:attachment":[{"href":"https:\/\/luminisinnovation.hu\/index.php\/wp-json\/wp\/v2\/media?parent=95"}],"curies":[{"name":"wp","href":"https:\/\/api.w.org\/{rel}","templated":true}]}}