
{"id":98,"date":"2026-02-24T19:37:14","date_gmt":"2026-02-24T18:37:14","guid":{"rendered":"https:\/\/luminisinnovation.hu\/?page_id=98"},"modified":"2026-02-24T19:37:15","modified_gmt":"2026-02-24T18:37:15","slug":"szervezetfejlesztes","status":"publish","type":"page","link":"https:\/\/luminisinnovation.hu\/index.php\/szervezetfejlesztes\/","title":{"rendered":"Szervezetfejleszt\u00e9s"},"content":{"rendered":"\n<p>A k\u00e9pz\u00e9s \u00e9s a szervezetfejleszt\u00e9s ter\u00fclet\u00e9n r\u00e9sztvev\u0151ink szem\u00e9lyes \u00e9s szakmai fejl\u0151d\u00e9s\u00e9\u00e9rt dolgozunk. Hisz\u00fcnk az innovat\u00edv technik\u00e1kban, a professzion\u00e1lis m\u00f3dszerekben \u00e9s tr\u00e9nereink szem\u00e9lyre szabott technikai megold\u00e1saiban.<\/p>\n\n\n\n<p>Milyen eszk\u00f6z\u00f6kkel \u00e9s m\u00f3dszerekkel dolgozunk?<\/p>\n\n\n\n<ul class=\"wp-block-list\">\n<li>szervezetpszichol\u00f3giai \u00e9s egy\u00e9ni pszichodr\u00e1ma eszk\u00f6z\u00f6kkel<\/li>\n\n\n\n<li>sales-, HR- \u00e9s marketingtechnik\u00e1kkal<\/li>\n\n\n\n<li>life \u00e9s business coaching technik\u00e1kkal<\/li>\n\n\n\n<li>szervezetfejleszt\u00e9si \u00e9s strat\u00e9giaalkot\u00e1si m\u00f3dszerekkel<\/li>\n\n\n\n<li>tanul\u00e1sm\u00f3dszertani \u00e9s kommunik\u00e1ci\u00f3s m\u00f3dszerekkel<\/li>\n\n\n\n<li>medit\u00e1ci\u00f3s, stressz- \u00e9s konfliktuskezel\u00e9si m\u00f3dszerekkel<\/li>\n\n\n\n<li>self-management technik\u00e1kkal<\/li>\n\n\n\n<li>t\u00e1rgyal\u00e1si \u00e9s testbesz\u00e9dtechnik\u00e1kkal<\/li>\n\n\n\n<li>diagnosztikai m\u00f3dszerekkel<\/li>\n<\/ul>\n\n\n\n<p>Akikt\u0151l mi tanultunk:<\/p>\n\n\n\n<ul class=\"wp-block-list\">\n<li>Franklin Covey<\/li>\n\n\n\n<li>P\u00e1l Feri atya<\/li>\n\n\n\n<li>pszichol\u00f3gusok \u00e9s tan\u00e1rok<\/li>\n\n\n\n<li>pszichoterapeut\u00e1k \u00e9s coachok<\/li>\n\n\n\n<li>vezet\u0151 sales-ek<\/li>\n\n\n\n<li>szervezetfejleszt\u00e9si szaktan\u00e1csad\u00f3k<\/li>\n\n\n\n<li>marketingvezet\u0151k<\/li>\n\n\n\n<li>\u00fcgyf\u00e9lmenedzserek<\/li>\n\n\n\n<li>motiv\u00e1ci\u00f3s el\u0151ad\u00f3k<\/li>\n<\/ul>\n\n\n\n<p>K\u00e9pz\u00e9seink el\u00e9rhet\u0151k online \u00e9s csoportos kontakt\u00f3r\u00e1s form\u00e1ban is. P\u00e1ly\u00e1zatok keret\u00e9n bel\u00fcl megval\u00f3s\u00edtand\u00f3 k\u00e9pz\u00e9seket is bonyol\u00edtunk.<\/p>\n\n\n\n<p>Kiknek aj\u00e1nljuk?<\/p>\n\n\n\n<ul class=\"wp-block-list\">\n<li>els\u0151sorban fejl\u0151dni v\u00e1gy\u00f3 vagy fejleszt\u00e9sre szorul\u00f3 c\u00e9geknek \u00e9s v\u00e1llalkoz\u00f3knak<\/li>\n\n\n\n<li>k\u00f6z\u00e9p- \u00e9s fels\u0151vezet\u0151knek<\/li>\n\n\n\n<li>szakembereknek<\/li>\n\n\n\n<li>szellemi \u00e9s fizikai dolgoz\u00f3knak<\/li>\n\n\n\n<li>legal\u00e1bb 6 f\u0151 r\u00e9sztvev\u0151 sz\u00e1m\u00e1ra<\/li>\n<\/ul>\n\n\n\n<p>Az \u00e1rakr\u00f3l \u00e9rdekl\u0151dj\u00f6n az al\u00e1bbi email c\u00edmen: info@luminisinnovation.hu<\/p>\n","protected":false},"excerpt":{"rendered":"<p>A k\u00e9pz\u00e9s \u00e9s a szervezetfejleszt\u00e9s ter\u00fclet\u00e9n r\u00e9sztvev\u0151ink szem\u00e9lyes \u00e9s szakmai fejl\u0151d\u00e9s\u00e9\u00e9rt dolgozunk. Hisz\u00fcnk az innovat\u00edv technik\u00e1kban, a professzion\u00e1lis m\u00f3dszerekben \u00e9s tr\u00e9nereink szem\u00e9lyre szabott technikai megold\u00e1saiban. Milyen eszk\u00f6z\u00f6kkel \u00e9s m\u00f3dszerekkel dolgozunk? Akikt\u0151l mi tanultunk: K\u00e9pz\u00e9seink el\u00e9rhet\u0151k online \u00e9s csoportos kontakt\u00f3r\u00e1s form\u00e1ban is. P\u00e1ly\u00e1zatok keret\u00e9n bel\u00fcl megval\u00f3s\u00edtand\u00f3 k\u00e9pz\u00e9seket is bonyol\u00edtunk. Kiknek aj\u00e1nljuk? Az \u00e1rakr\u00f3l \u00e9rdekl\u0151dj\u00f6n az al\u00e1bbi [&hellip;]<\/p>\n","protected":false},"author":1,"featured_media":0,"parent":0,"menu_order":0,"comment_status":"closed","ping_status":"closed","template":"","meta":{"footnotes":""},"class_list":["post-98","page","type-page","status-publish","hentry"],"aioseo_notices":[],"_links":{"self":[{"href":"https:\/\/luminisinnovation.hu\/index.php\/wp-json\/wp\/v2\/pages\/98","targetHints":{"allow":["GET"]}}],"collection":[{"href":"https:\/\/luminisinnovation.hu\/index.php\/wp-json\/wp\/v2\/pages"}],"about":[{"href":"https:\/\/luminisinnovation.hu\/index.php\/wp-json\/wp\/v2\/types\/page"}],"author":[{"embeddable":true,"href":"https:\/\/luminisinnovation.hu\/index.php\/wp-json\/wp\/v2\/users\/1"}],"replies":[{"embeddable":true,"href":"https:\/\/luminisinnovation.hu\/index.php\/wp-json\/wp\/v2\/comments?post=98"}],"version-history":[{"count":1,"href":"https:\/\/luminisinnovation.hu\/index.php\/wp-json\/wp\/v2\/pages\/98\/revisions"}],"predecessor-version":[{"id":100,"href":"https:\/\/luminisinnovation.hu\/index.php\/wp-json\/wp\/v2\/pages\/98\/revisions\/100"}],"wp:attachment":[{"href":"https:\/\/luminisinnovation.hu\/index.php\/wp-json\/wp\/v2\/media?parent=98"}],"curies":[{"name":"wp","href":"https:\/\/api.w.org\/{rel}","templated":true}]}}